{"id":2,"date":"2025-02-11T11:31:01","date_gmt":"2025-02-11T11:31:01","guid":{"rendered":"https:\/\/estudioartenea.rkinformatika.online\/?page_id=2"},"modified":"2025-04-04T11:25:24","modified_gmt":"2025-04-04T11:25:24","slug":"inicio","status":"publish","type":"page","link":"https:\/\/estudioartenea.com\/eu\/","title":{"rendered":"Hasiera"},"content":{"rendered":"<div data-elementor-type=\"wp-page\" data-elementor-id=\"2\" class=\"elementor elementor-2\" data-elementor-post-type=\"page\">\n\t\t\t\t<div class=\"elementor-element elementor-element-42731e5 e-con-full e-flex e-con e-parent\" data-id=\"42731e5\" data-element_type=\"container\" data-e-type=\"container\" data-settings=\"{&quot;background_background&quot;:&quot;classic&quot;}\">\n\t\t<div class=\"elementor-element elementor-element-a9e40d6 e-flex e-con-boxed e-con e-child\" data-id=\"a9e40d6\" data-element_type=\"container\" data-e-type=\"container\">\n\t\t\t\t\t<div class=\"e-con-inner\">\n\t\t\t\t<div class=\"elementor-element elementor-element-7715ea2 elementor-widget elementor-widget-heading\" data-id=\"7715ea2\" data-element_type=\"widget\" data-e-type=\"widget\" data-widget_type=\"heading.default\">\n\t\t\t\t<div class=\"elementor-widget-container\">\n\t\t\t\t\t<h2 class=\"elementor-heading-title elementor-size-default\">ESTUDIO ARTENEA<\/h2>\t\t\t\t<\/div>\n\t\t\t\t<\/div>\n\t\t\t\t<div class=\"elementor-element elementor-element-17beaa4 elementor-widget elementor-widget-heading\" data-id=\"17beaa4\" data-element_type=\"widget\" data-e-type=\"widget\" data-widget_type=\"heading.default\">\n\t\t\t\t<div class=\"elementor-widget-container\">\n\t\t\t\t\t<h2 class=\"elementor-heading-title elementor-size-default\">\nMarrazketa klaseak - Pintura - Ilustrazio tradizionala - Ilustrazio digitala - Komikia - Sormen tailerra<\/h2>\t\t\t\t<\/div>\n\t\t\t\t<\/div>\n\t\t\t\t\t<\/div>\n\t\t\t\t<\/div>\n\t\t\t\t<\/div>\n\t\t<div class=\"elementor-element elementor-element-0e4ded6 e-flex e-con-boxed e-con e-parent\" data-id=\"0e4ded6\" data-element_type=\"container\" data-e-type=\"container\">\n\t\t\t\t\t<div class=\"e-con-inner\">\n\t\t\t\t<div class=\"elementor-element elementor-element-0b1ca50 elementor-widget elementor-widget-heading\" data-id=\"0b1ca50\" data-element_type=\"widget\" data-e-type=\"widget\" data-widget_type=\"heading.default\">\n\t\t\t\t<div class=\"elementor-widget-container\">\n\t\t\t\t\t<h2 class=\"elementor-heading-title elementor-size-default\">Inspirazioa eta teknika pintzelkada bakoitzean!<\/h2>\t\t\t\t<\/div>\n\t\t\t\t<\/div>\n\t\t\t\t\t<\/div>\n\t\t\t\t<\/div>\n\t\t<div class=\"elementor-element elementor-element-e88d68d elementor-hidden-tablet elementor-hidden-mobile e-flex e-con-boxed e-con e-parent\" data-id=\"e88d68d\" data-element_type=\"container\" data-e-type=\"container\">\n\t\t\t\t\t<div class=\"e-con-inner\">\n\t\t\t\t<div class=\"elementor-element elementor-element-5febdbb elementor-position-left elementor-vertical-align-middle elementor-widget__width-initial elementor-vertical-align-top elementor-widget elementor-widget-image-box\" data-id=\"5febdbb\" data-element_type=\"widget\" data-e-type=\"widget\" data-widget_type=\"image-box.default\">\n\t\t\t\t<div class=\"elementor-widget-container\">\n\t\t\t\t\t<div class=\"elementor-image-box-wrapper\"><figure class=\"elementor-image-box-img\"><img fetchpriority=\"high\" decoding=\"async\" width=\"742\" height=\"907\" src=\"https:\/\/estudioartenea.com\/wp-content\/uploads\/2025\/03\/ARCO.jpg\" class=\"attachment-full size-full wp-image-238\" alt=\"\" srcset=\"https:\/\/estudioartenea.com\/wp-content\/uploads\/2025\/03\/ARCO.jpg 742w, https:\/\/estudioartenea.com\/wp-content\/uploads\/2025\/03\/ARCO-245x300.jpg 245w, https:\/\/estudioartenea.com\/wp-content\/uploads\/2025\/03\/ARCO-10x12.jpg 10w\" sizes=\"(max-width: 742px) 100vw, 742px\" \/><\/figure><div class=\"elementor-image-box-content\"><h3 class=\"elementor-image-box-title\">Gozatu<br>Zure ideiei kolorea emateko espazio perfektua<\/h3><p class=\"elementor-image-box-description\">Estudio Artenea Arte Plastikoen Akademia bat da, non marrazten eta margotzen modu errazean ikasiko duzun, zure maila eta helburuak edozein direla ere.\n<br><br>\nTalde txikiekin lan egiten dugu, arreta pertsonalizatua eta aholkularitza erabat indibiduala eskaini ahal izateko.\n<br><br>\nAdin, maila, gustu edo behar guztietarako eskolak. Ordutegi zabala duzu, goizeko 10:30etik gaueko 21:30era, eta teknika grafiko-plastiko guztiak landu ahal izango dituzu.<\/p><\/div><\/div>\t\t\t\t<\/div>\n\t\t\t\t<\/div>\n\t\t\t\t<div class=\"elementor-element elementor-element-0571668 elementor-position-left elementor-vertical-align-top elementor-widget__width-initial elementor-vertical-align-top elementor-widget elementor-widget-image-box\" data-id=\"0571668\" data-element_type=\"widget\" data-e-type=\"widget\" data-widget_type=\"image-box.default\">\n\t\t\t\t<div class=\"elementor-widget-container\">\n\t\t\t\t\t<div class=\"elementor-image-box-wrapper\"><figure class=\"elementor-image-box-img\"><img decoding=\"async\" width=\"1466\" height=\"2560\" src=\"https:\/\/estudioartenea.com\/wp-content\/uploads\/2025\/03\/ANE-scaled.jpg\" class=\"attachment-full size-full wp-image-406\" alt=\"\" srcset=\"https:\/\/estudioartenea.com\/wp-content\/uploads\/2025\/03\/ANE-scaled.jpg 1466w, https:\/\/estudioartenea.com\/wp-content\/uploads\/2025\/03\/ANE-172x300.jpg 172w, https:\/\/estudioartenea.com\/wp-content\/uploads\/2025\/03\/ANE-586x1024.jpg 586w, https:\/\/estudioartenea.com\/wp-content\/uploads\/2025\/03\/ANE-768x1341.jpg 768w, https:\/\/estudioartenea.com\/wp-content\/uploads\/2025\/03\/ANE-880x1536.jpg 880w, https:\/\/estudioartenea.com\/wp-content\/uploads\/2025\/03\/ANE-1173x2048.jpg 1173w, https:\/\/estudioartenea.com\/wp-content\/uploads\/2025\/03\/ANE-7x12.jpg 7w\" sizes=\"(max-width: 1466px) 100vw, 1466px\" \/><\/figure><div class=\"elementor-image-box-content\"><h3 class=\"elementor-image-box-title\">Ikasi<\/h3><p class=\"elementor-image-box-description\">Gure irakasle taldeak, esperientzia pedagogiko zabala duenak, zure hazkunde artistikoaren prozesuan lagunduko dizu.<\/p><\/div><\/div>\t\t\t\t<\/div>\n\t\t\t\t<\/div>\n\t\t\t\t\t<\/div>\n\t\t\t\t<\/div>\n\t\t<div class=\"elementor-element elementor-element-2250839 elementor-hidden-desktop e-flex e-con-boxed e-con e-parent\" data-id=\"2250839\" data-element_type=\"container\" data-e-type=\"container\">\n\t\t\t\t\t<div class=\"e-con-inner\">\n\t\t\t\t<div class=\"elementor-element elementor-element-8a56239 elementor-position-left elementor-vertical-align-middle elementor-widget__width-initial elementor-vertical-align-top elementor-widget elementor-widget-image-box\" data-id=\"8a56239\" data-element_type=\"widget\" data-e-type=\"widget\" data-widget_type=\"image-box.default\">\n\t\t\t\t<div class=\"elementor-widget-container\">\n\t\t\t\t\t<div class=\"elementor-image-box-wrapper\"><figure class=\"elementor-image-box-img\"><img fetchpriority=\"high\" decoding=\"async\" width=\"742\" height=\"907\" src=\"https:\/\/estudioartenea.com\/wp-content\/uploads\/2025\/03\/ARCO.jpg\" class=\"attachment-full size-full wp-image-238\" alt=\"\" srcset=\"https:\/\/estudioartenea.com\/wp-content\/uploads\/2025\/03\/ARCO.jpg 742w, https:\/\/estudioartenea.com\/wp-content\/uploads\/2025\/03\/ARCO-245x300.jpg 245w, https:\/\/estudioartenea.com\/wp-content\/uploads\/2025\/03\/ARCO-10x12.jpg 10w\" sizes=\"(max-width: 742px) 100vw, 742px\" \/><\/figure><div class=\"elementor-image-box-content\"><h3 class=\"elementor-image-box-title\">Gozatu<\/h3><p class=\"elementor-image-box-description\">Estudio Artenea Arte Plastikoen Akademia bat da, non marrazten eta margotzen modu errazean ikasiko duzun, zure maila eta helburuak edozein direla ere.\n<br><br>\nTalde txikiekin lan egiten dugu, arreta pertsonalizatua eta aholkularitza erabat indibiduala eskaini ahal izateko.\n<br><br>\nAdin, maila, gustu edo behar guztietarako eskolak. Ordutegi zabala duzu, goizeko 10:30etik gaueko 21:30era, eta teknika grafiko-plastiko guztiak landu ahal izango dituzu.<\/p><\/div><\/div>\t\t\t\t<\/div>\n\t\t\t\t<\/div>\n\t\t\t\t<div class=\"elementor-element elementor-element-5b8131e elementor-position-left elementor-vertical-align-top elementor-widget__width-initial elementor-vertical-align-top elementor-widget elementor-widget-image-box\" data-id=\"5b8131e\" data-element_type=\"widget\" data-e-type=\"widget\" data-widget_type=\"image-box.default\">\n\t\t\t\t<div class=\"elementor-widget-container\">\n\t\t\t\t\t<div class=\"elementor-image-box-wrapper\"><figure class=\"elementor-image-box-img\"><img decoding=\"async\" width=\"1466\" height=\"2560\" src=\"https:\/\/estudioartenea.com\/wp-content\/uploads\/2025\/03\/ANE-scaled.jpg\" class=\"attachment-full size-full wp-image-406\" alt=\"\" srcset=\"https:\/\/estudioartenea.com\/wp-content\/uploads\/2025\/03\/ANE-scaled.jpg 1466w, https:\/\/estudioartenea.com\/wp-content\/uploads\/2025\/03\/ANE-172x300.jpg 172w, https:\/\/estudioartenea.com\/wp-content\/uploads\/2025\/03\/ANE-586x1024.jpg 586w, https:\/\/estudioartenea.com\/wp-content\/uploads\/2025\/03\/ANE-768x1341.jpg 768w, https:\/\/estudioartenea.com\/wp-content\/uploads\/2025\/03\/ANE-880x1536.jpg 880w, https:\/\/estudioartenea.com\/wp-content\/uploads\/2025\/03\/ANE-1173x2048.jpg 1173w, https:\/\/estudioartenea.com\/wp-content\/uploads\/2025\/03\/ANE-7x12.jpg 7w\" sizes=\"(max-width: 1466px) 100vw, 1466px\" \/><\/figure><div class=\"elementor-image-box-content\"><h3 class=\"elementor-image-box-title\">Ikasi<\/h3><p class=\"elementor-image-box-description\">Gure irakasle taldeak, esperientzia pedagogiko zabala duenak, zure hazkunde artistikoaren prozesuan lagunduko dizu.<\/p><\/div><\/div>\t\t\t\t<\/div>\n\t\t\t\t<\/div>\n\t\t\t\t\t<\/div>\n\t\t\t\t<\/div>\n\t\t<div class=\"elementor-element elementor-element-6d29da6 e-flex e-con-boxed e-con e-parent\" data-id=\"6d29da6\" data-element_type=\"container\" data-e-type=\"container\">\n\t\t\t\t\t<div class=\"e-con-inner\">\n\t\t\t\t<div class=\"elementor-element elementor-element-5939354 elementor-widget elementor-widget-heading\" data-id=\"5939354\" data-element_type=\"widget\" data-e-type=\"widget\" data-widget_type=\"heading.default\">\n\t\t\t\t<div class=\"elementor-widget-container\">\n\t\t\t\t\t<h2 class=\"elementor-heading-title elementor-size-default\">TAILERRAK OPORRETAN<\/h2>\t\t\t\t<\/div>\n\t\t\t\t<\/div>\n\t\t\t\t<div class=\"elementor-element elementor-element-3cd9262 elementor-widget elementor-widget-text-editor\" data-id=\"3cd9262\" data-element_type=\"widget\" data-e-type=\"widget\" data-widget_type=\"text-editor.default\">\n\t\t\t\t<div class=\"elementor-widget-container\">\n\t\t\t\t\t\t\t\t\t<p>Gabonetan eta udan, gozatu gure <strong>Sormen Tailerrak<\/strong> zure irudimena garatzeko, teknika berriak ikasteko eta pieza paregabeak sortzeko! Erreserbatu zure plaza eta bizi artez eta dibertimenduz betetako esperientzia!<\/p>\t\t\t\t\t\t\t\t<\/div>\n\t\t\t\t<\/div>\n\t\t\t\t<div class=\"elementor-element elementor-element-4430070 elementor-align-center elementor-widget elementor-widget-button\" data-id=\"4430070\" data-element_type=\"widget\" data-e-type=\"widget\" data-widget_type=\"button.default\">\n\t\t\t\t<div class=\"elementor-widget-container\">\n\t\t\t\t\t\t\t\t\t<div class=\"elementor-button-wrapper\">\n\t\t\t\t\t<a class=\"elementor-button elementor-button-link elementor-size-sm elementor-animation-bounce-in\" href=\"https:\/\/estudioartenea.com\/eu\/contacto\/\">\n\t\t\t\t\t\t<span class=\"elementor-button-content-wrapper\">\n\t\t\t\t\t\t\t\t\t<span class=\"elementor-button-text\">Eman izena<\/span>\n\t\t\t\t\t<\/span>\n\t\t\t\t\t<\/a>\n\t\t\t\t<\/div>\n\t\t\t\t\t\t\t\t<\/div>\n\t\t\t\t<\/div>\n\t\t\t\t\t<\/div>\n\t\t\t\t<\/div>\n\t\t<div class=\"elementor-element elementor-element-fd79023 e-con-full elementor-hidden-mobile e-flex e-con e-parent\" data-id=\"fd79023\" data-element_type=\"container\" data-e-type=\"container\">\n\t\t\t\t<div class=\"elementor-element elementor-element-f9f2236 elementor-cta--skin-cover elementor-animated-content elementor-bg-transform elementor-bg-transform-zoom-in elementor-widget elementor-widget-call-to-action\" data-id=\"f9f2236\" data-element_type=\"widget\" data-e-type=\"widget\" data-widget_type=\"call-to-action.default\">\n\t\t\t\t<div class=\"elementor-widget-container\">\n\t\t\t\t\t\t\t<div class=\"elementor-cta\">\n\t\t\t\t\t<div class=\"elementor-cta__bg-wrapper\">\n\t\t\t\t<div class=\"elementor-cta__bg elementor-bg\" style=\"background-image: url(https:\/\/estudioartenea.com\/wp-content\/uploads\/2025\/03\/encargos-1024x360.jpg);\" role=\"img\" aria-label=\"encargos\"><\/div>\n\t\t\t\t<div class=\"elementor-cta__bg-overlay\"><\/div>\n\t\t\t<\/div>\n\t\t\t\t\t\t\t<div class=\"elementor-cta__content\">\n\t\t\t\t\n\t\t\t\t\n\t\t\t\t\t\t\t\t\t<div class=\"elementor-cta__description elementor-cta__content-item elementor-content-item elementor-animated-item--grow\">\n\t\t\t\t\t\tIkastea- Gozatua- Sortu\t\t\t\t\t<\/div>\n\t\t\t\t\n\t\t\t\t\t\t\t\t\t<div class=\"elementor-cta__button-wrapper elementor-cta__content-item elementor-content-item elementor-animated-item--grow\">\n\t\t\t\t\t<a class=\"elementor-cta__button elementor-button elementor-size-\" href=\"https:\/\/estudioartenea.com\/eu\/servicios\/\">\n\t\t\t\t\t\tZERBITZUAK\t\t\t\t\t<\/a>\n\t\t\t\t\t<\/div>\n\t\t\t\t\t\t\t<\/div>\n\t\t\t\t\t\t<\/div>\n\t\t\t\t\t\t<\/div>\n\t\t\t\t<\/div>\n\t\t\t\t<\/div>\n\t\t<div class=\"elementor-element elementor-element-c4fc692 e-con-full elementor-hidden-desktop elementor-hidden-tablet e-flex e-con e-parent\" data-id=\"c4fc692\" data-element_type=\"container\" data-e-type=\"container\">\n\t\t\t\t<div class=\"elementor-element elementor-element-3a3a6ac elementor-cta--skin-classic elementor-animated-content elementor-bg-transform elementor-bg-transform-zoom-in elementor-widget elementor-widget-call-to-action\" data-id=\"3a3a6ac\" data-element_type=\"widget\" data-e-type=\"widget\" data-widget_type=\"call-to-action.default\">\n\t\t\t\t<div class=\"elementor-widget-container\">\n\t\t\t\t\t\t\t<div class=\"elementor-cta\">\n\t\t\t\t\t<div class=\"elementor-cta__bg-wrapper\">\n\t\t\t\t<div class=\"elementor-cta__bg elementor-bg\" style=\"background-image: url(https:\/\/estudioartenea.com\/wp-content\/uploads\/2025\/03\/encargos-1024x360.jpg);\" role=\"img\" aria-label=\"encargos\"><\/div>\n\t\t\t\t<div class=\"elementor-cta__bg-overlay\"><\/div>\n\t\t\t<\/div>\n\t\t\t\t\t\t\t<div class=\"elementor-cta__content\">\n\t\t\t\t\n\t\t\t\t\n\t\t\t\t\n\t\t\t\t\t\t\t\t\t<div class=\"elementor-cta__button-wrapper elementor-cta__content-item elementor-content-item\">\n\t\t\t\t\t<a class=\"elementor-cta__button elementor-button elementor-size-\" href=\"https:\/\/estudioartenea.com\/eu\/servicios\/\">\n\t\t\t\t\t\tZERBITZUAK\t\t\t\t\t<\/a>\n\t\t\t\t\t<\/div>\n\t\t\t\t\t\t\t<\/div>\n\t\t\t\t\t\t<\/div>\n\t\t\t\t\t\t<\/div>\n\t\t\t\t<\/div>\n\t\t\t\t<\/div>\n\t\t<div class=\"elementor-element elementor-element-218ace0 e-flex e-con-boxed e-con e-parent\" data-id=\"218ace0\" data-element_type=\"container\" data-e-type=\"container\">\n\t\t\t\t\t<div class=\"e-con-inner\">\n\t\t\t\t<div class=\"elementor-element elementor-element-bd7d390 elementor-widget__width-initial elementor-widget elementor-widget-heading\" data-id=\"bd7d390\" data-element_type=\"widget\" data-e-type=\"widget\" data-widget_type=\"heading.default\">\n\t\t\t\t<div class=\"elementor-widget-container\">\n\t\t\t\t\t<h2 class=\"elementor-heading-title elementor-size-default\">\"Ezagutu gure ikasleen lanen emaitza, teknika plastiko desberdinen bidez\"<\/h2>\t\t\t\t<\/div>\n\t\t\t\t<\/div>\n\t\t\t\t<div class=\"elementor-element elementor-element-fde8b3c elementor-widget__width-initial elementor-tablet-align-center elementor-widget elementor-widget-button\" data-id=\"fde8b3c\" data-element_type=\"widget\" data-e-type=\"widget\" data-widget_type=\"button.default\">\n\t\t\t\t<div class=\"elementor-widget-container\">\n\t\t\t\t\t\t\t\t\t<div class=\"elementor-button-wrapper\">\n\t\t\t\t\t<a class=\"elementor-button elementor-button-link elementor-size-sm\" href=\"https:\/\/estudioartenea.com\/eu\/galeria\/\">\n\t\t\t\t\t\t<span class=\"elementor-button-content-wrapper\">\n\t\t\t\t\t\t\t\t\t<span class=\"elementor-button-text\">Galeria<\/span>\n\t\t\t\t\t<\/span>\n\t\t\t\t\t<\/a>\n\t\t\t\t<\/div>\n\t\t\t\t\t\t\t\t<\/div>\n\t\t\t\t<\/div>\n\t\t\t\t\t<\/div>\n\t\t\t\t<\/div>\n\t\t\t\t<\/div>","protected":false},"excerpt":{"rendered":"<p>ESTUDIO ARTENEA Clases de Dibujo &#8211; Pintura &#8211; Ilustraci\u00f3n tradicional &#8211; Ilustraci\u00f3n digital &#8211; C\u00f3mic &#8211; Taller creativo \u00a1Inspiraci\u00f3n y T\u00e9cnica en Cada Pincelada! DisfrutaDel espacio perfecto para dar color a tus ideas Estudio Artenea es una Academia de Artes Pl\u00e1sticas donde disfrutar\u00e1s aprendiendo a dibujar y a pintar de una forma sencilla, sea cual [&hellip;]<\/p>\n","protected":false},"author":1,"featured_media":0,"parent":0,"menu_order":0,"comment_status":"closed","ping_status":"closed","template":"","meta":{"footnotes":""},"class_list":["post-2","page","type-page","status-publish","hentry"],"yoast_head":"<!-- This site is optimized with the Yoast SEO plugin v27.5 - https:\/\/yoast.com\/product\/yoast-seo-wordpress\/ -->\n<title>Inicio - Estudio Artenea<\/title>\n<meta name=\"robots\" content=\"index, follow, max-snippet:-1, max-image-preview:large, max-video-preview:-1\" \/>\n<link rel=\"canonical\" href=\"https:\/\/estudioartenea.com\/eu\/\" \/>\n<meta property=\"og:locale\" content=\"en_US\" \/>\n<meta property=\"og:type\" content=\"article\" \/>\n<meta property=\"og:title\" content=\"Inicio - Estudio Artenea\" \/>\n<meta property=\"og:description\" content=\"ESTUDIO ARTENEA Clases de Dibujo &#8211; Pintura &#8211; Ilustraci\u00f3n tradicional &#8211; Ilustraci\u00f3n digital &#8211; C\u00f3mic &#8211; Taller creativo \u00a1Inspiraci\u00f3n y T\u00e9cnica en Cada Pincelada! DisfrutaDel espacio perfecto para dar color a tus ideas Estudio Artenea es una Academia de Artes Pl\u00e1sticas donde disfrutar\u00e1s aprendiendo a dibujar y a pintar de una forma sencilla, sea cual [&hellip;]\" \/>\n<meta property=\"og:url\" content=\"https:\/\/estudioartenea.com\/eu\/\" \/>\n<meta property=\"og:site_name\" content=\"Estudio Artenea\" \/>\n<meta property=\"article:modified_time\" content=\"2025-04-04T11:25:24+00:00\" \/>\n<meta property=\"og:image\" content=\"https:\/\/estudioartenea.com\/wp-content\/uploads\/2025\/03\/ARCO.jpg\" \/>\n\t<meta property=\"og:image:width\" content=\"742\" \/>\n\t<meta property=\"og:image:height\" content=\"907\" \/>\n\t<meta property=\"og:image:type\" content=\"image\/jpeg\" \/>\n<meta name=\"twitter:card\" content=\"summary_large_image\" \/>\n<meta name=\"twitter:label1\" content=\"Est. reading time\" \/>\n\t<meta name=\"twitter:data1\" content=\"3 minutua\" \/>\n<script type=\"application\/ld+json\" class=\"yoast-schema-graph\">{\"@context\":\"https:\\\/\\\/schema.org\",\"@graph\":[{\"@type\":\"WebPage\",\"@id\":\"https:\\\/\\\/estudioartenea.com\\\/\",\"url\":\"https:\\\/\\\/estudioartenea.com\\\/\",\"name\":\"Inicio - Estudio Artenea\",\"isPartOf\":{\"@id\":\"https:\\\/\\\/estudioartenea.com\\\/#website\"},\"primaryImageOfPage\":{\"@id\":\"https:\\\/\\\/estudioartenea.com\\\/#primaryimage\"},\"image\":{\"@id\":\"https:\\\/\\\/estudioartenea.com\\\/#primaryimage\"},\"thumbnailUrl\":\"https:\\\/\\\/estudioartenea.com\\\/wp-content\\\/uploads\\\/2025\\\/03\\\/ARCO.jpg\",\"datePublished\":\"2025-02-11T11:31:01+00:00\",\"dateModified\":\"2025-04-04T11:25:24+00:00\",\"breadcrumb\":{\"@id\":\"https:\\\/\\\/estudioartenea.com\\\/#breadcrumb\"},\"inLanguage\":\"eu\",\"potentialAction\":[{\"@type\":\"ReadAction\",\"target\":[\"https:\\\/\\\/estudioartenea.com\\\/\"]}]},{\"@type\":\"ImageObject\",\"inLanguage\":\"eu\",\"@id\":\"https:\\\/\\\/estudioartenea.com\\\/#primaryimage\",\"url\":\"https:\\\/\\\/estudioartenea.com\\\/wp-content\\\/uploads\\\/2025\\\/03\\\/ARCO.jpg\",\"contentUrl\":\"https:\\\/\\\/estudioartenea.com\\\/wp-content\\\/uploads\\\/2025\\\/03\\\/ARCO.jpg\"},{\"@type\":\"BreadcrumbList\",\"@id\":\"https:\\\/\\\/estudioartenea.com\\\/#breadcrumb\",\"itemListElement\":[{\"@type\":\"ListItem\",\"position\":1,\"name\":\"Portada\",\"item\":\"https:\\\/\\\/estudioartenea.com\\\/\"},{\"@type\":\"ListItem\",\"position\":2,\"name\":\"Inicio\"}]},{\"@type\":\"WebSite\",\"@id\":\"https:\\\/\\\/estudioartenea.com\\\/#website\",\"url\":\"https:\\\/\\\/estudioartenea.com\\\/\",\"name\":\"Estudio Artenea\",\"description\":\"Academia de pintura y dibujo\",\"publisher\":{\"@id\":\"https:\\\/\\\/estudioartenea.com\\\/#organization\"},\"potentialAction\":[{\"@type\":\"SearchAction\",\"target\":{\"@type\":\"EntryPoint\",\"urlTemplate\":\"https:\\\/\\\/estudioartenea.com\\\/?s={search_term_string}\"},\"query-input\":{\"@type\":\"PropertyValueSpecification\",\"valueRequired\":true,\"valueName\":\"search_term_string\"}}],\"inLanguage\":\"eu\"},{\"@type\":\"Organization\",\"@id\":\"https:\\\/\\\/estudioartenea.com\\\/#organization\",\"name\":\"Estudio Artenea\",\"url\":\"https:\\\/\\\/estudioartenea.com\\\/\",\"logo\":{\"@type\":\"ImageObject\",\"inLanguage\":\"eu\",\"@id\":\"https:\\\/\\\/estudioartenea.com\\\/#\\\/schema\\\/logo\\\/image\\\/\",\"url\":\"https:\\\/\\\/estudioartenea.com\\\/wp-content\\\/uploads\\\/2025\\\/02\\\/cropped-Diseno-sin-titulo.png\",\"contentUrl\":\"https:\\\/\\\/estudioartenea.com\\\/wp-content\\\/uploads\\\/2025\\\/02\\\/cropped-Diseno-sin-titulo.png\",\"width\":960,\"height\":960,\"caption\":\"Estudio Artenea\"},\"image\":{\"@id\":\"https:\\\/\\\/estudioartenea.com\\\/#\\\/schema\\\/logo\\\/image\\\/\"}}]}<\/script>\n<!-- \/ Yoast SEO plugin. -->","yoast_head_json":{"title":"Inicio - Estudio Artenea","robots":{"index":"index","follow":"follow","max-snippet":"max-snippet:-1","max-image-preview":"max-image-preview:large","max-video-preview":"max-video-preview:-1"},"canonical":"https:\/\/estudioartenea.com\/eu\/","og_locale":"en_US","og_type":"article","og_title":"Inicio - Estudio Artenea","og_description":"ESTUDIO ARTENEA Clases de Dibujo &#8211; Pintura &#8211; Ilustraci\u00f3n tradicional &#8211; Ilustraci\u00f3n digital &#8211; C\u00f3mic &#8211; Taller creativo \u00a1Inspiraci\u00f3n y T\u00e9cnica en Cada Pincelada! DisfrutaDel espacio perfecto para dar color a tus ideas Estudio Artenea es una Academia de Artes Pl\u00e1sticas donde disfrutar\u00e1s aprendiendo a dibujar y a pintar de una forma sencilla, sea cual [&hellip;]","og_url":"https:\/\/estudioartenea.com\/eu\/","og_site_name":"Estudio Artenea","article_modified_time":"2025-04-04T11:25:24+00:00","og_image":[{"width":742,"height":907,"url":"https:\/\/estudioartenea.com\/wp-content\/uploads\/2025\/03\/ARCO.jpg","type":"image\/jpeg"}],"twitter_card":"summary_large_image","twitter_misc":{"Est. reading time":"3 minutua"},"schema":{"@context":"https:\/\/schema.org","@graph":[{"@type":"WebPage","@id":"https:\/\/estudioartenea.com\/","url":"https:\/\/estudioartenea.com\/","name":"Inicio - Estudio Artenea","isPartOf":{"@id":"https:\/\/estudioartenea.com\/#website"},"primaryImageOfPage":{"@id":"https:\/\/estudioartenea.com\/#primaryimage"},"image":{"@id":"https:\/\/estudioartenea.com\/#primaryimage"},"thumbnailUrl":"https:\/\/estudioartenea.com\/wp-content\/uploads\/2025\/03\/ARCO.jpg","datePublished":"2025-02-11T11:31:01+00:00","dateModified":"2025-04-04T11:25:24+00:00","breadcrumb":{"@id":"https:\/\/estudioartenea.com\/#breadcrumb"},"inLanguage":"eu","potentialAction":[{"@type":"ReadAction","target":["https:\/\/estudioartenea.com\/"]}]},{"@type":"ImageObject","inLanguage":"eu","@id":"https:\/\/estudioartenea.com\/#primaryimage","url":"https:\/\/estudioartenea.com\/wp-content\/uploads\/2025\/03\/ARCO.jpg","contentUrl":"https:\/\/estudioartenea.com\/wp-content\/uploads\/2025\/03\/ARCO.jpg"},{"@type":"BreadcrumbList","@id":"https:\/\/estudioartenea.com\/#breadcrumb","itemListElement":[{"@type":"ListItem","position":1,"name":"Portada","item":"https:\/\/estudioartenea.com\/"},{"@type":"ListItem","position":2,"name":"Inicio"}]},{"@type":"WebSite","@id":"https:\/\/estudioartenea.com\/#website","url":"https:\/\/estudioartenea.com\/","name":"Estudio Artenea","description":"Academia de pintura y dibujo","publisher":{"@id":"https:\/\/estudioartenea.com\/#organization"},"potentialAction":[{"@type":"SearchAction","target":{"@type":"EntryPoint","urlTemplate":"https:\/\/estudioartenea.com\/?s={search_term_string}"},"query-input":{"@type":"PropertyValueSpecification","valueRequired":true,"valueName":"search_term_string"}}],"inLanguage":"eu"},{"@type":"Organization","@id":"https:\/\/estudioartenea.com\/#organization","name":"Estudio Artenea","url":"https:\/\/estudioartenea.com\/","logo":{"@type":"ImageObject","inLanguage":"eu","@id":"https:\/\/estudioartenea.com\/#\/schema\/logo\/image\/","url":"https:\/\/estudioartenea.com\/wp-content\/uploads\/2025\/02\/cropped-Diseno-sin-titulo.png","contentUrl":"https:\/\/estudioartenea.com\/wp-content\/uploads\/2025\/02\/cropped-Diseno-sin-titulo.png","width":960,"height":960,"caption":"Estudio Artenea"},"image":{"@id":"https:\/\/estudioartenea.com\/#\/schema\/logo\/image\/"}}]}},"_links":{"self":[{"href":"https:\/\/estudioartenea.com\/eu\/wp-json\/wp\/v2\/pages\/2","targetHints":{"allow":["GET"]}}],"collection":[{"href":"https:\/\/estudioartenea.com\/eu\/wp-json\/wp\/v2\/pages"}],"about":[{"href":"https:\/\/estudioartenea.com\/eu\/wp-json\/wp\/v2\/types\/page"}],"author":[{"embeddable":true,"href":"https:\/\/estudioartenea.com\/eu\/wp-json\/wp\/v2\/users\/1"}],"replies":[{"embeddable":true,"href":"https:\/\/estudioartenea.com\/eu\/wp-json\/wp\/v2\/comments?post=2"}],"version-history":[{"count":316,"href":"https:\/\/estudioartenea.com\/eu\/wp-json\/wp\/v2\/pages\/2\/revisions"}],"predecessor-version":[{"id":922,"href":"https:\/\/estudioartenea.com\/eu\/wp-json\/wp\/v2\/pages\/2\/revisions\/922"}],"wp:attachment":[{"href":"https:\/\/estudioartenea.com\/eu\/wp-json\/wp\/v2\/media?parent=2"}],"curies":[{"name":"wp","href":"https:\/\/api.w.org\/{rel}","templated":true}]}}